







{"id":5822,"date":"2024-03-25T16:08:52","date_gmt":"2024-03-25T16:08:52","guid":{"rendered":"https:\/\/phc24.yourcode-staging.com\/pt\/?page_id=5822"},"modified":"2024-03-25T16:10:10","modified_gmt":"2024-03-25T16:10:10","slug":"si-internacionalizacao-8667","status":"publish","type":"page","link":"https:\/\/phcsoftware.com\/pt\/si-internacionalizacao-8667","title":{"rendered":"Si Internacionalizacao 8667"},"content":{"rendered":"[vc_row type=&#8221;in_container&#8221; full_screen_row_position=&#8221;middle&#8221; column_margin=&#8221;default&#8221; column_direction=&#8221;default&#8221; column_direction_tablet=&#8221;default&#8221; column_direction_phone=&#8221;default&#8221; scene_position=&#8221;center&#8221; text_color=&#8221;dark&#8221; text_align=&#8221;left&#8221; row_border_radius=&#8221;none&#8221; row_border_radius_applies=&#8221;bg&#8221; overflow=&#8221;visible&#8221; overlay_strength=&#8221;0.3&#8243; gradient_direction=&#8221;left_to_right&#8221; shape_divider_position=&#8221;bottom&#8221; bg_image_animation=&#8221;none&#8221;][vc_column column_padding=&#8221;no-extra-padding&#8221; column_padding_tablet=&#8221;inherit&#8221; column_padding_phone=&#8221;inherit&#8221; column_padding_position=&#8221;all&#8221; column_element_direction_desktop=&#8221;default&#8221; column_element_spacing=&#8221;default&#8221; desktop_text_alignment=&#8221;default&#8221; tablet_text_alignment=&#8221;default&#8221; phone_text_alignment=&#8221;default&#8221; background_color_opacity=&#8221;1&#8243; background_hover_color_opacity=&#8221;1&#8243; column_backdrop_filter=&#8221;none&#8221; column_shadow=&#8221;none&#8221; column_border_radius=&#8221;none&#8221; column_link_target=&#8221;_self&#8221; column_position=&#8221;default&#8221; gradient_direction=&#8221;left_to_right&#8221; overlay_strength=&#8221;0.3&#8243; width=&#8221;1\/1&#8243; tablet_width_inherit=&#8221;default&#8221; animation_type=&#8221;default&#8221; bg_image_animation=&#8221;none&#8221; border_type=&#8221;simple&#8221; column_border_width=&#8221;none&#8221; column_border_style=&#8221;solid&#8221;][image_with_animation image_url=&#8221;5826&#8243; image_size=&#8221;full&#8221; animation_type=&#8221;entrance&#8221; animation=&#8221;None&#8221; animation_movement_type=&#8221;transform_y&#8221; hover_animation=&#8221;none&#8221; alignment=&#8221;center&#8221; border_radius=&#8221;none&#8221; box_shadow=&#8221;none&#8221; image_loading=&#8221;default&#8221; max_width=&#8221;100%&#8221; max_width_mobile=&#8221;default&#8221;][\/vc_column][\/vc_row][vc_row type=&#8221;in_container&#8221; full_screen_row_position=&#8221;middle&#8221; column_margin=&#8221;default&#8221; equal_height=&#8221;yes&#8221; content_placement=&#8221;middle&#8221; column_direction=&#8221;default&#8221; column_direction_tablet=&#8221;default&#8221; column_direction_phone=&#8221;default&#8221; scene_position=&#8221;center&#8221; top_padding=&#8221;3%&#8221; constrain_group_1=&#8221;yes&#8221; bottom_padding=&#8221;3%&#8221; text_color=&#8221;dark&#8221; text_align=&#8221;left&#8221; row_border_radius=&#8221;none&#8221; row_border_radius_applies=&#8221;bg&#8221; overflow=&#8221;visible&#8221; overlay_strength=&#8221;0.3&#8243; gradient_direction=&#8221;left_to_right&#8221; shape_divider_position=&#8221;bottom&#8221; bg_image_animation=&#8221;none&#8221; gradient_type=&#8221;default&#8221; shape_type=&#8221;&#8221;][vc_column column_padding=&#8221;no-extra-padding&#8221; column_padding_tablet=&#8221;inherit&#8221; column_padding_phone=&#8221;inherit&#8221; column_padding_position=&#8221;all&#8221; column_element_direction_desktop=&#8221;default&#8221; column_element_spacing=&#8221;default&#8221; desktop_text_alignment=&#8221;default&#8221; tablet_text_alignment=&#8221;default&#8221; phone_text_alignment=&#8221;default&#8221; background_color_opacity=&#8221;1&#8243; background_hover_color_opacity=&#8221;1&#8243; column_backdrop_filter=&#8221;none&#8221; column_shadow=&#8221;none&#8221; column_border_radius=&#8221;none&#8221; column_link_target=&#8221;_self&#8221; column_position=&#8221;default&#8221; gradient_direction=&#8221;left_to_right&#8221; overlay_strength=&#8221;0.3&#8243; width=&#8221;1\/1&#8243; tablet_width_inherit=&#8221;default&#8221; animation_type=&#8221;default&#8221; bg_image_animation=&#8221;none&#8221; border_type=&#8221;simple&#8221; column_border_width=&#8221;none&#8221; column_border_style=&#8221;solid&#8221;][vc_column_text]<b>Designa\u00e7\u00e3o do projeto<\/b>\u00a0Potencia\u00e7\u00e3o Internacional da PHC para os mercados da Europa e Am\u00e9rica Latina<br \/>\n<b>C\u00f3digo do projeto\u00a0<\/b>POCI-02-0752-FEDER-008667<br \/>\n<b>Objetivo principal :\u00a0<\/b>Potenciar a internacionaliza\u00e7\u00e3o para os mercados da Europa e Am\u00e9rica Latina<br \/>\n<b>Regi\u00e3o de interven\u00e7\u00e3o\u00a0<\/b>: Porto<br \/>\n<b>Entidade bene\ufb01ci\u00e1ria\u00a0<\/b>PHC, Software S.A<br \/>\n<b>Data de aprova\u00e7\u00e3o:\u00a0<\/b>22-12-2015<br \/>\n<b>Data de in\u00edcio\u00a0<\/b>01-09-2015<br \/>\n<b>Data de conclus\u00e3o\u00a0<\/b>31-08-2017<br \/>\n<b>Custo total eleg\u00edvel\u00a0<\/b>510.180,00 \u20ac (quinhentos e dez mil e cento e oitenta euros)<br \/>\n<b>FEDER \u2013\u00a0<\/b>229.581,00 \u20ac (duzentos e vinte e nove mil e quinhentos e oitenta e um euros).<br \/>\n<b>Objetivos, atividades e resultados esperados \/ atingidos<\/b><\/p>\n<ul>\n<li>Volume de Neg\u00f3cios total \u2013 alcan\u00e7ar um volume de neg\u00f3cios de 9,1 milh\u00f5es de euros no final de 2018;<\/li>\n<li>Volume de Neg\u00f3cios Internacional \u2013 represente, pelo menos, 1,8 milh\u00f5es de euros em 2018, ou seja, um peso de 20% de volume de neg\u00f3cios internacional;<\/li>\n<li>Diversifica\u00e7\u00e3o Mercados Internacionais \u2013 obter vendas internacionais at\u00e9 2018, em pelo menos 4 novos mercados internacionais alvo de investimento pela PHC (Reino Unido, Chile, Col\u00f4mbia e Peru);<\/li>\n<li>EBITDA\/Volume de Neg\u00f3cios \u2013 obter um r\u00e1cio de 30% no final de 2018;<\/li>\n<li>Equipa Comercial Internacional \u2013 constituir departamento Comercial Internacional, com, pelo menos, 2 novos RH dedicados \u00e0 fun\u00e7\u00e3o comercial nos novos mercados internacionais alvo, at\u00e9 ao final de 2015<\/li>\n<li>I&amp;D \u2013 intensificar a atividade de I&amp;D interna, continuando a desenvolver as solu\u00e7\u00f5es PHC integrando nesse desenvolvimento os inputs do mercado para que preencham as lacunas identificadas, respondam \u00e0s necessidades reais das empresas de diferentes setores, fazendo assim com que sejam a primeira escolha dos utilizadores de solu\u00e7\u00f5es ERP.<\/li>\n<\/ul>\n[\/vc_column_text][\/vc_column][\/vc_row]\n","protected":false},"excerpt":{"rendered":"<p>[vc_row type=&#8221;in_container&#8221; full_screen_row_position=&#8221;middle&#8221; column_margin=&#8221;default&#8221; column_direction=&#8221;default&#8221; column_direction_tablet=&#8221;default&#8221; column_direction_phone=&#8221;default&#8221; scene_position=&#8221;center&#8221; text_color=&#8221;dark&#8221; text_align=&#8221;left&#8221; row_border_radius=&#8221;none&#8221; row_border_radius_applies=&#8221;bg&#8221; overflow=&#8221;visible&#8221; overlay_strength=&#8221;0.3&#8243; gradient_direction=&#8221;left_to_right&#8221; shape_divider_position=&#8221;bottom&#8221; bg_image_animation=&#8221;none&#8221;][vc_column column_padding=&#8221;no-extra-padding&#8221; column_padding_tablet=&#8221;inherit&#8221; column_padding_phone=&#8221;inherit&#8221; column_padding_position=&#8221;all&#8221; column_element_direction_desktop=&#8221;default&#8221; column_element_spacing=&#8221;default&#8221; desktop_text_alignment=&#8221;default&#8221; tablet_text_alignment=&#8221;default&#8221; phone_text_alignment=&#8221;default&#8221; background_color_opacity=&#8221;1&#8243; background_hover_color_opacity=&#8221;1&#8243; column_backdrop_filter=&#8221;none&#8221; column_shadow=&#8221;none&#8221;&#8230;<\/p>\n","protected":false},"author":1,"featured_media":0,"parent":0,"menu_order":0,"comment_status":"closed","ping_status":"closed","template":"","meta":{"footnotes":""},"class_list":["post-5822","page","type-page","status-publish"],"yoast_head":"<!-- This site is optimized with the Yoast SEO plugin v25.8 - https:\/\/yoast.com\/wordpress\/plugins\/seo\/ -->\n<title>Si Internacionalizacao 8667 - Portugal<\/title>\n<meta name=\"robots\" content=\"index, follow, max-snippet:-1, max-image-preview:large, max-video-preview:-1\" \/>\n<link rel=\"canonical\" href=\"https:\/\/phcsoftware.com\/pt\/si-internacionalizacao-8667\" \/>\n<meta property=\"og:locale\" content=\"pt_PT\" \/>\n<meta property=\"og:type\" content=\"article\" \/>\n<meta property=\"og:title\" content=\"Si Internacionalizacao 8667 - Portugal\" \/>\n<meta property=\"og:description\" content=\"[vc_row type=&#8221;in_container&#8221; full_screen_row_position=&#8221;middle&#8221; column_margin=&#8221;default&#8221; column_direction=&#8221;default&#8221; column_direction_tablet=&#8221;default&#8221; column_direction_phone=&#8221;default&#8221; scene_position=&#8221;center&#8221; text_color=&#8221;dark&#8221; text_align=&#8221;left&#8221; row_border_radius=&#8221;none&#8221; row_border_radius_applies=&#8221;bg&#8221; overflow=&#8221;visible&#8221; overlay_strength=&#8221;0.3&#8243; gradient_direction=&#8221;left_to_right&#8221; shape_divider_position=&#8221;bottom&#8221; bg_image_animation=&#8221;none&#8221;][vc_column column_padding=&#8221;no-extra-padding&#8221; column_padding_tablet=&#8221;inherit&#8221; column_padding_phone=&#8221;inherit&#8221; column_padding_position=&#8221;all&#8221; column_element_direction_desktop=&#8221;default&#8221; column_element_spacing=&#8221;default&#8221; desktop_text_alignment=&#8221;default&#8221; tablet_text_alignment=&#8221;default&#8221; phone_text_alignment=&#8221;default&#8221; background_color_opacity=&#8221;1&#8243; background_hover_color_opacity=&#8221;1&#8243; column_backdrop_filter=&#8221;none&#8221; column_shadow=&#8221;none&#8221;...\" \/>\n<meta property=\"og:url\" content=\"https:\/\/phcsoftware.com\/pt\/si-internacionalizacao-8667\" \/>\n<meta property=\"og:site_name\" content=\"Portugal\" \/>\n<meta property=\"article:modified_time\" content=\"2024-03-25T16:10:10+00:00\" \/>\n<meta name=\"twitter:card\" content=\"summary_large_image\" \/>\n<meta name=\"twitter:label1\" content=\"Tempo estimado de leitura\" \/>\n\t<meta name=\"twitter:data1\" content=\"2 minutos\" \/>\n<script type=\"application\/ld+json\" class=\"yoast-schema-graph\">{\"@context\":\"https:\/\/schema.org\",\"@graph\":[{\"@type\":\"WebPage\",\"@id\":\"https:\/\/phcsoftware.com\/pt\/si-internacionalizacao-8667\",\"url\":\"https:\/\/phcsoftware.com\/pt\/si-internacionalizacao-8667\",\"name\":\"Si Internacionalizacao 8667 - Portugal\",\"isPartOf\":{\"@id\":\"https:\/\/phcsoftware.com\/pt\/#website\"},\"datePublished\":\"2024-03-25T16:08:52+00:00\",\"dateModified\":\"2024-03-25T16:10:10+00:00\",\"breadcrumb\":{\"@id\":\"https:\/\/phcsoftware.com\/pt\/si-internacionalizacao-8667#breadcrumb\"},\"inLanguage\":\"pt-PT\",\"potentialAction\":[{\"@type\":\"ReadAction\",\"target\":[\"https:\/\/phcsoftware.com\/pt\/si-internacionalizacao-8667\"]}]},{\"@type\":\"BreadcrumbList\",\"@id\":\"https:\/\/phcsoftware.com\/pt\/si-internacionalizacao-8667#breadcrumb\",\"itemListElement\":[{\"@type\":\"ListItem\",\"position\":1,\"name\":\"In\u00edcio\",\"item\":\"https:\/\/phcsoftware.com\/pt\"},{\"@type\":\"ListItem\",\"position\":2,\"name\":\"Si Internacionalizacao 8667\"}]},{\"@type\":\"WebSite\",\"@id\":\"https:\/\/phcsoftware.com\/pt\/#website\",\"url\":\"https:\/\/phcsoftware.com\/pt\/\",\"name\":\"Portugal\",\"description\":\"\",\"potentialAction\":[{\"@type\":\"SearchAction\",\"target\":{\"@type\":\"EntryPoint\",\"urlTemplate\":\"https:\/\/phcsoftware.com\/pt\/?s={search_term_string}\"},\"query-input\":{\"@type\":\"PropertyValueSpecification\",\"valueRequired\":true,\"valueName\":\"search_term_string\"}}],\"inLanguage\":\"pt-PT\"}]}<\/script>\n<!-- \/ Yoast SEO plugin. -->","yoast_head_json":{"title":"Si Internacionalizacao 8667 - Portugal","robots":{"index":"index","follow":"follow","max-snippet":"max-snippet:-1","max-image-preview":"max-image-preview:large","max-video-preview":"max-video-preview:-1"},"canonical":"https:\/\/phcsoftware.com\/pt\/si-internacionalizacao-8667","og_locale":"pt_PT","og_type":"article","og_title":"Si Internacionalizacao 8667 - Portugal","og_description":"[vc_row type=&#8221;in_container&#8221; full_screen_row_position=&#8221;middle&#8221; column_margin=&#8221;default&#8221; column_direction=&#8221;default&#8221; column_direction_tablet=&#8221;default&#8221; column_direction_phone=&#8221;default&#8221; scene_position=&#8221;center&#8221; text_color=&#8221;dark&#8221; text_align=&#8221;left&#8221; row_border_radius=&#8221;none&#8221; row_border_radius_applies=&#8221;bg&#8221; overflow=&#8221;visible&#8221; overlay_strength=&#8221;0.3&#8243; gradient_direction=&#8221;left_to_right&#8221; shape_divider_position=&#8221;bottom&#8221; bg_image_animation=&#8221;none&#8221;][vc_column column_padding=&#8221;no-extra-padding&#8221; column_padding_tablet=&#8221;inherit&#8221; column_padding_phone=&#8221;inherit&#8221; column_padding_position=&#8221;all&#8221; column_element_direction_desktop=&#8221;default&#8221; column_element_spacing=&#8221;default&#8221; desktop_text_alignment=&#8221;default&#8221; tablet_text_alignment=&#8221;default&#8221; phone_text_alignment=&#8221;default&#8221; background_color_opacity=&#8221;1&#8243; background_hover_color_opacity=&#8221;1&#8243; column_backdrop_filter=&#8221;none&#8221; column_shadow=&#8221;none&#8221;...","og_url":"https:\/\/phcsoftware.com\/pt\/si-internacionalizacao-8667","og_site_name":"Portugal","article_modified_time":"2024-03-25T16:10:10+00:00","twitter_card":"summary_large_image","twitter_misc":{"Tempo estimado de leitura":"2 minutos"},"schema":{"@context":"https:\/\/schema.org","@graph":[{"@type":"WebPage","@id":"https:\/\/phcsoftware.com\/pt\/si-internacionalizacao-8667","url":"https:\/\/phcsoftware.com\/pt\/si-internacionalizacao-8667","name":"Si Internacionalizacao 8667 - Portugal","isPartOf":{"@id":"https:\/\/phcsoftware.com\/pt\/#website"},"datePublished":"2024-03-25T16:08:52+00:00","dateModified":"2024-03-25T16:10:10+00:00","breadcrumb":{"@id":"https:\/\/phcsoftware.com\/pt\/si-internacionalizacao-8667#breadcrumb"},"inLanguage":"pt-PT","potentialAction":[{"@type":"ReadAction","target":["https:\/\/phcsoftware.com\/pt\/si-internacionalizacao-8667"]}]},{"@type":"BreadcrumbList","@id":"https:\/\/phcsoftware.com\/pt\/si-internacionalizacao-8667#breadcrumb","itemListElement":[{"@type":"ListItem","position":1,"name":"In\u00edcio","item":"https:\/\/phcsoftware.com\/pt"},{"@type":"ListItem","position":2,"name":"Si Internacionalizacao 8667"}]},{"@type":"WebSite","@id":"https:\/\/phcsoftware.com\/pt\/#website","url":"https:\/\/phcsoftware.com\/pt\/","name":"Portugal","description":"","potentialAction":[{"@type":"SearchAction","target":{"@type":"EntryPoint","urlTemplate":"https:\/\/phcsoftware.com\/pt\/?s={search_term_string}"},"query-input":{"@type":"PropertyValueSpecification","valueRequired":true,"valueName":"search_term_string"}}],"inLanguage":"pt-PT"}]}},"_links":{"self":[{"href":"https:\/\/phcsoftware.com\/pt\/wp-json\/wp\/v2\/pages\/5822","targetHints":{"allow":["GET"]}}],"collection":[{"href":"https:\/\/phcsoftware.com\/pt\/wp-json\/wp\/v2\/pages"}],"about":[{"href":"https:\/\/phcsoftware.com\/pt\/wp-json\/wp\/v2\/types\/page"}],"author":[{"embeddable":true,"href":"https:\/\/phcsoftware.com\/pt\/wp-json\/wp\/v2\/users\/1"}],"replies":[{"embeddable":true,"href":"https:\/\/phcsoftware.com\/pt\/wp-json\/wp\/v2\/comments?post=5822"}],"version-history":[{"count":3,"href":"https:\/\/phcsoftware.com\/pt\/wp-json\/wp\/v2\/pages\/5822\/revisions"}],"predecessor-version":[{"id":5833,"href":"https:\/\/phcsoftware.com\/pt\/wp-json\/wp\/v2\/pages\/5822\/revisions\/5833"}],"wp:attachment":[{"href":"https:\/\/phcsoftware.com\/pt\/wp-json\/wp\/v2\/media?parent=5822"}],"curies":[{"name":"wp","href":"https:\/\/api.w.org\/{rel}","templated":true}]}}